{"id":14126,"date":"2026-03-09T20:53:24","date_gmt":"2026-03-09T19:53:24","guid":{"rendered":"https:\/\/haasjeatletiek.nl\/?page_id=14126"},"modified":"2026-03-10T18:24:00","modified_gmt":"2026-03-10T17:24:00","slug":"blessurepagina","status":"publish","type":"page","link":"https:\/\/haasjeatletiek.nl\/en\/blessurepagina\/","title":{"rendered":"Injury page"},"content":{"rendered":"<div data-elementor-type=\"wp-page\" data-elementor-id=\"14126\" class=\"elementor elementor-14126\">\n\t\t\t\t\t\t<section class=\"elementor-section elementor-top-section elementor-element elementor-element-fe9564a elementor-section-boxed elementor-section-height-default elementor-section-height-default\" data-id=\"fe9564a\" data-element_type=\"section\">\n\t\t\t\t\t\t<div class=\"elementor-container elementor-column-gap-default\">\n\t\t\t\t\t<div class=\"elementor-column elementor-col-50 elementor-top-column elementor-element elementor-element-8e9f065\" data-id=\"8e9f065\" data-element_type=\"column\">\n\t\t\t<div class=\"elementor-widget-wrap elementor-element-populated\">\n\t\t\t\t\t\t<div class=\"elementor-element elementor-element-12262e3 elementor-widget elementor-widget-text-editor\" data-id=\"12262e3\" data-element_type=\"widget\" data-widget_type=\"text-editor.default\">\n\t\t\t\t<div class=\"elementor-widget-container\">\n\t\t\t\t\t\t\t\t\t<h2 data-start=\"195\" data-end=\"255\">Blessures<\/h2>\n<p dir=\"ltr\" style=\"line-height:1.3800000000000001;text-align: justify;margin-top:24pt;margin-bottom:0pt;\"><span style=\"background-color: transparent; color: rgb(0, 0, 0); font-family: Arial, sans-serif; font-size: 12pt; white-space-collapse: preserve;\">Je kent het misschien wel. <\/span><span style=\"background-color: transparent; color: rgb(0, 0, 0); font-family: Arial, sans-serif; font-size: 12pt; white-space-collapse: preserve;\">Tijdens het inlopen voel je een lichte zeurende pijn in je knie. Of na een training merk je dat je enkel wat stijver is dan normaal. Niet ernstig genoeg om direct te stoppen maar ook niet helemaal \u201cniks\u201d.<\/span><\/p>\n<p dir=\"ltr\" style=\"line-height:1.3800000000000001;text-align: justify;margin-top:12pt;margin-bottom:12pt;\"><span style=\"font-size:12pt;font-family:Arial,sans-serif;color:#000000;background-color:transparent;font-weight:400;font-style:normal;font-variant:normal;text-decoration:none;vertical-align:baseline;white-space:pre;white-space:pre-wrap;\">Veel blessures beginnen op deze manier: klein en onschuldig. Juist daarom is het verstandig om signalen van je lichaam serieus te nemen.<\/span><\/p>\n<p dir=\"ltr\" style=\"line-height:1.3800000000000001;text-align: justify;margin-top:12pt;margin-bottom:12pt;\"><span style=\"font-size:12pt;font-family:Arial,sans-serif;color:#000000;background-color:transparent;font-weight:400;font-style:normal;font-variant:normal;text-decoration:none;vertical-align:baseline;white-space:pre;white-space:pre-wrap;\">In de bijgevoegde video zie je een herkenbaar voorbeeld van hoe een beginnende klacht kan ontstaan en welke stappen je vervolgens kunt nemen.<\/span><\/p>\n<p dir=\"ltr\" style=\"line-height:1.3800000000000001;text-align: justify;margin-top:0pt;margin-bottom:4pt;\"><span style=\"font-size:12pt;font-family:Arial,sans-serif;color:#000000;background-color:transparent;font-weight:700;font-style:normal;font-variant:normal;text-decoration:none;vertical-align:baseline;white-space:pre;white-space:pre-wrap;\">Herken de signalen<\/span><\/p>\n<p dir=\"ltr\" style=\"line-height:1.3800000000000001;text-align: justify;margin-top:12pt;margin-bottom:12pt;\"><span style=\"font-size:12pt;font-family:Arial,sans-serif;color:#000000;background-color:transparent;font-weight:400;font-style:normal;font-variant:normal;text-decoration:none;vertical-align:baseline;white-space:pre;white-space:pre-wrap;\">Beginnende blessures kunnen zich op verschillende manieren uiten. Let bijvoorbeeld op: <\/span><span style=\"background-color: transparent; color: rgb(0, 0, 0); font-family: Arial, sans-serif; font-size: 12pt; white-space-collapse: preserve;\">zeurende of stekende pijn, <\/span><span style=\"background-color: transparent; color: rgb(0, 0, 0); font-family: Arial, sans-serif; font-size: 12pt; white-space-collapse: preserve;\">stijfheid die niet wegtrekt, <\/span><span style=\"background-color: transparent; color: rgb(0, 0, 0); font-family: Arial, sans-serif; font-size: 12pt; white-space-collapse: preserve;\">pijn tijdens of na het lopen en <\/span><span style=\"background-color: transparent; color: rgb(0, 0, 0); font-family: Arial, sans-serif; font-size: 12pt; white-space-collapse: preserve;\">klachten die steeds terugkomen.<\/span><\/p>\n<p dir=\"ltr\" style=\"line-height:1.3800000000000001;text-align: justify;margin-top:12pt;margin-bottom:12pt;\"><span style=\"font-size:12pt;font-family:Arial,sans-serif;color:#000000;background-color:transparent;font-weight:400;font-style:normal;font-variant:normal;text-decoration:none;vertical-align:baseline;white-space:pre;white-space:pre-wrap;\">Merk je \u00e9\u00e9n of meer van deze signalen, dan kan het verstandig zijn om je training tijdelijk aan te passen of een training over te slaan. Doorlopen met scherpe pijn vergroot de kans dat kleine klachten verergeren.<\/span><\/p>\n<p dir=\"ltr\" style=\"line-height:1.3800000000000001;text-align: justify;margin-top:0pt;margin-bottom:4pt;\"><span style=\"font-size:12pt;font-family:Arial,sans-serif;color:#000000;background-color:transparent;font-weight:700;font-style:normal;font-variant:normal;text-decoration:none;vertical-align:baseline;white-space:pre;white-space:pre-wrap;\">Bespreek klachten met je trainer<\/span><\/p>\n<p dir=\"ltr\" style=\"line-height:1.3800000000000001;text-align: justify;margin-top:12pt;margin-bottom:12pt;\"><span style=\"font-size:12pt;font-family:Arial,sans-serif;color:#000000;background-color:transparent;font-weight:400;font-style:normal;font-variant:normal;text-decoration:none;vertical-align:baseline;white-space:pre;white-space:pre-wrap;\">Twijfel je wat verstandig is? Bespreek je klachten met je trainer.<\/span><\/p>\n<p dir=\"ltr\" style=\"line-height:1.3800000000000001;text-align: justify;margin-top:12pt;margin-bottom:12pt;\"><span style=\"font-size:12pt;font-family:Arial,sans-serif;color:#000000;background-color:transparent;font-weight:400;font-style:normal;font-variant:normal;text-decoration:none;vertical-align:baseline;white-space:pre;white-space:pre-wrap;\">De trainers van NSAV &#8216;t Haasje hebben ervaring en kennis over veelvoorkomende hardloopblessures en denken graag mee over een passende aanpak. Soms is een kleine aanpassing in de training al voldoende. In andere gevallen kan rust of aanvullende begeleiding nodig zijn. Trainers weten dan ook goed wanneer ze je kunnen verwijzen naar de fysio.<\/span><\/p>\n<p dir=\"ltr\" style=\"line-height:1.3800000000000001;text-align: justify;margin-top:12pt;margin-bottom:12pt;\"><span style=\"font-size:12pt;font-family:Arial,sans-serif;color:#000000;background-color:transparent;font-weight:400;font-style:normal;font-variant:normal;text-decoration:none;vertical-align:baseline;white-space:pre;white-space:pre-wrap;\">Door klachten tijdig te bespreken kan vaak worden voorkomen dat ze verergeren.<\/span><\/p>\t\t\t\t\t\t\t\t<\/div>\n\t\t\t\t<\/div>\n\t\t\t\t\t<\/div>\n\t\t<\/div>\n\t\t\t\t<div class=\"elementor-column elementor-col-50 elementor-top-column elementor-element elementor-element-cea04ef\" data-id=\"cea04ef\" data-element_type=\"column\">\n\t\t\t<div class=\"elementor-widget-wrap elementor-element-populated\">\n\t\t\t\t\t\t<div class=\"elementor-element elementor-element-db7108e elementor-widget elementor-widget-video\" data-id=\"db7108e\" data-element_type=\"widget\" data-settings=\"{&quot;youtube_url&quot;:&quot;https:\\\/\\\/youtube.com\\\/shorts\\\/spUmG_xca7w?is=icAMkv4EszY58BKv&quot;,&quot;video_type&quot;:&quot;youtube&quot;,&quot;controls&quot;:&quot;yes&quot;}\" data-widget_type=\"video.default\">\n\t\t\t\t<div class=\"elementor-widget-container\">\n\t\t\t\t\t\t\t<div class=\"elementor-wrapper elementor-open-inline\">\n\t\t\t<div class=\"elementor-video\"><\/div>\t\t<\/div>\n\t\t\t\t\t\t<\/div>\n\t\t\t\t<\/div>\n\t\t\t\t<div class=\"elementor-element elementor-element-7471b8f elementor-widget elementor-widget-text-editor\" data-id=\"7471b8f\" data-element_type=\"widget\" data-widget_type=\"text-editor.default\">\n\t\t\t\t<div class=\"elementor-widget-container\">\n\t\t\t\t\t\t\t\t\t<p>Acteurs: Noortje Bonten, Hester Vooijs, Joppe Halsema &amp; Pelle Schmidt<br><span style=\"font-size: 0.875rem;\">Camera operatoren: Hester Vooijs, Pelle Schmidt<br>Regisseur: Pelle Schmidt<br>Editor: Pelle Schmidt<\/span><\/p>\t\t\t\t\t\t\t\t<\/div>\n\t\t\t\t<\/div>\n\t\t\t\t<div class=\"elementor-element elementor-element-1455b4b elementor-widget elementor-widget-text-editor\" data-id=\"1455b4b\" data-element_type=\"widget\" data-widget_type=\"text-editor.default\">\n\t\t\t\t<div class=\"elementor-widget-container\">\n\t\t\t\t\t\t\t\t\t<p dir=\"ltr\" style=\"margin-top: 0pt; margin-bottom: 4pt; line-height: 1.38; text-align: justify;\"><span style=\"font-size: 12pt; font-family: Arial, sans-serif; color: #000000; background-color: transparent; font-weight: bold; font-variant-numeric: normal; font-variant-east-asian: normal; font-variant-alternates: normal; font-variant-position: normal; font-variant-emoji: normal; vertical-align: baseline; white-space-collapse: preserve;\">Wanneer schakel je professionele hulp in?<\/span><\/p><p dir=\"ltr\" style=\"margin-top: 12pt; margin-bottom: 12pt; line-height: 1.38; text-align: justify;\"><span style=\"font-size: 12pt; font-family: Arial, sans-serif; color: #000000; background-color: transparent; font-variant-numeric: normal; font-variant-east-asian: normal; font-variant-alternates: normal; font-variant-position: normal; font-variant-emoji: normal; vertical-align: baseline; white-space-collapse: preserve;\">Blijven klachten langer dan \u00e9\u00e9n \u00e0 twee weken aanwezig? Wordt de pijn duidelijk erger? Treden er verschijnselen op zoals zwelling, instabiliteit of bewegingsbeperking? Dan is het verstandig om naar een specialist te gaan.<\/span><\/p><p dir=\"ltr\" style=\"margin-top: 12pt; margin-bottom: 12pt; line-height: 1.38; text-align: justify;\"><span style=\"font-size: 12pt; font-family: Arial, sans-serif; color: #000000; background-color: transparent; font-variant-numeric: normal; font-variant-east-asian: normal; font-variant-alternates: normal; font-variant-position: normal; font-variant-emoji: normal; vertical-align: baseline; white-space-collapse: preserve;\">Daarom werkt NSAV &#8216;t Haasje samen met MMFysio, waarvan \u00e9\u00e9n van de praktijken naast de baan gevestigd is.<\/span><\/p><p dir=\"ltr\" style=\"margin-top: 12pt; margin-bottom: 12pt; line-height: 1.38; text-align: justify;\"><span style=\"font-size: 12pt; font-family: Arial, sans-serif; color: #000000; background-color: transparent; font-variant-numeric: normal; font-variant-east-asian: normal; font-variant-alternates: normal; font-variant-position: normal; font-variant-emoji: normal; vertical-align: baseline; white-space-collapse: preserve;\">Leden kunnen hier terecht bij het gratis open inloopspreekuur. Tijdens dit spreekuur kan een fysiotherapeut klachten beoordelen en advies geven over herstel, belasting en blessurepreventie. Indien nodig kan vervolgens een vervolgafspraak worden ingepland. Het inloopspreekuur is elke woensdag vanaf 16:45 naast de baan <strong>(Kanunnik Mijllinkstraat 75)<\/strong>.<\/span><\/p><p dir=\"ltr\" style=\"margin-top: 12pt; margin-bottom: 12pt; line-height: 1.38; text-align: justify;\"><span style=\"font-size: 12pt; font-family: Arial, sans-serif; color: #000000; background-color: transparent; font-variant-numeric: normal; font-variant-east-asian: normal; font-variant-alternates: normal; font-variant-position: normal; font-variant-emoji: normal; vertical-align: baseline; white-space-collapse: preserve;\">Door de aanwezigheid van MM Fysio op de sportlocatie is deskundig advies laagdrempelig en snel beschikbaar wanneer klachten ontstaan.<\/span><\/p>\t\t\t\t\t\t\t\t<\/div>\n\t\t\t\t<\/div>\n\t\t\t\t\t<\/div>\n\t\t<\/div>\n\t\t\t\t\t<\/div>\n\t\t<\/section>\n\t\t\t\t<section class=\"elementor-section elementor-top-section elementor-element elementor-element-3c3214d elementor-section-boxed elementor-section-height-default elementor-section-height-default\" data-id=\"3c3214d\" data-element_type=\"section\">\n\t\t\t\t\t\t<div class=\"elementor-container elementor-column-gap-default\">\n\t\t\t\t\t<div class=\"elementor-column elementor-col-100 elementor-top-column elementor-element elementor-element-61b6a64\" data-id=\"61b6a64\" data-element_type=\"column\">\n\t\t\t<div class=\"elementor-widget-wrap elementor-element-populated\">\n\t\t\t\t\t\t<div class=\"elementor-element elementor-element-267e888 elementor-widget elementor-widget-text-editor\" data-id=\"267e888\" data-element_type=\"widget\" data-widget_type=\"text-editor.default\">\n\t\t\t\t<div class=\"elementor-widget-container\">\n\t\t\t\t\t\t\t\t\t<p><span style=\"color: #333333; font-family: Raleway, Helvetica, Arial, sans-serif; font-size: 2rem; font-weight: 600;\">MMFysio<\/span><\/p><p data-start=\"257\" data-end=\"373\">Voor advies over blessures of beginnende klachten kun je terecht bij MM Fysio.<\/p><p data-start=\"375\" data-end=\"549\"><strong data-start=\"375\" data-end=\"399\">Open inloopspreekuur<\/strong><br data-start=\"399\" data-end=\"402\" \/>Gratis blessurecheck voor leden van NSAV &#8216;t Haasje.<br data-start=\"476\" data-end=\"479\" \/>Je kunt zonder afspraak langskomen voor advies van een fysiotherapeut.<br \/>Elke woensdagmiddag vanaf 16:45 naast de atletiekbaan <strong>(Kanunnik Mijllinkstraat 75)<\/strong>.<\/p><p data-start=\"551\" data-end=\"610\"><strong data-start=\"551\" data-end=\"562\">Locaties<\/strong><br data-start=\"562\" data-end=\"565\" \/>MMfysio Molenhoek: Prinsenweg 6, 6584 AZ Molenhoek.<br \/>MMfysio Malden: Broekkant 16, 6581 AE Malden.<br \/>MMfysio NIjmegen de Houtwerf: Hatertseweg 23b, 6533 AB Nijmegen.<br \/>MMfysio NIjmegen Atletiek: Heemraadstraat 3, 6525 TG Nijmegen.<br \/>MMfysio NIjmegen Flex Dansstudio: Boksdoornstraat 93, 6543 SE Nijmegen.<br \/>MMfysio NIjmegen Brakkenstein: Kanunnik Mijllinckstraat 75, 6525 WS Nijmegen.<br \/>MMfysio Lent: Griftdijk Noord 9B, 6663 AA Nijmegen.<\/p><p data-start=\"612\" data-end=\"748\"><strong data-start=\"612\" data-end=\"630\">Afspraak maken<\/strong><br data-start=\"630\" data-end=\"633\" \/><span style=\"white-space-collapse: preserve; font-family: Arial, sans-serif; font-size: 16px; text-align: justify;\">Maak hier een afspraak: <\/span><a style=\"background-color: #ffffff; font-size: 0.875rem;\" href=\"https:\/\/www.mmfysio.nl\/praktisch\/contact-en-afspraak-maken\" target=\"_blank\" rel=\"noopener\">Contact en afspraak maken<\/a><\/p><p data-start=\"750\" data-end=\"834\"><strong data-start=\"750\" data-end=\"769\">More information<\/strong><br data-start=\"769\" data-end=\"772\" \/><a href=\"https:\/\/www.mmfysio.nl\/\" target=\"_blank\" rel=\"noopener\">MMfysio | Fysiotherapie in Nijmegen, Malden en Molenhoek<\/a>\u00a0<\/p><div style=\"text-align: start;\"><span style=\"font-family: Arial, sans-serif; font-size: 16px; text-align: justify; white-space-collapse: preserve;\">Telefoonnummer: +31 6 0243580779<br \/><\/span><span style=\"font-family: Arial, sans-serif; font-size: 16px; text-align: justify; white-space-collapse: preserve;\">E-mail: info@mmfysio.nl<\/span><\/div><p><span style=\"color: #000000; font-family: Arial, sans-serif; font-size: 16px; text-align: justify; white-space-collapse: preserve;\">(Let op: de informatie op deze pagina is algemeen van aard en vervangt geen medisch onderzoek of persoonlijk advies van een zorgprofessional.)<\/span><\/p><p><span style=\"color: #000000; font-family: Arial, sans-serif; font-size: 16px; text-align: justify; white-space-collapse: preserve;\">\u00a0<\/span><\/p>\t\t\t\t\t\t\t\t<\/div>\n\t\t\t\t<\/div>\n\t\t\t\t\t<\/div>\n\t\t<\/div>\n\t\t\t\t\t<\/div>\n\t\t<\/section>\n\t\t\t\t<\/div>","protected":false},"excerpt":{"rendered":"<p>Blessures Je kent het misschien wel. Tijdens het inlopen voel je een lichte zeurende pijn in je knie. Of na een training merk je dat je enkel wat stijver is &#8230;<\/p>","protected":false},"author":146,"featured_media":0,"parent":0,"menu_order":0,"comment_status":"closed","ping_status":"closed","template":"","meta":{"ngg_post_thumbnail":0,"footnotes":""},"folder":[],"class_list":["post-14126","page","type-page","status-publish","hentry"],"yoast_head":"<!-- This site is optimized with the Yoast SEO plugin v25.6 - https:\/\/yoast.com\/wordpress\/plugins\/seo\/ -->\n<title>Blessurepagina - NSAV &#039;t Haasje<\/title>\n<meta name=\"robots\" content=\"index, follow, max-snippet:-1, max-image-preview:large, max-video-preview:-1\" \/>\n<link rel=\"canonical\" href=\"https:\/\/haasjeatletiek.nl\/en\/blessurepagina\/\" \/>\n<meta property=\"og:locale\" content=\"en_GB\" \/>\n<meta property=\"og:type\" content=\"article\" \/>\n<meta property=\"og:title\" content=\"Blessurepagina - NSAV &#039;t Haasje\" \/>\n<meta property=\"og:description\" content=\"Blessures Je kent het misschien wel. Tijdens het inlopen voel je een lichte zeurende pijn in je knie. Of na een training merk je dat je enkel wat stijver is ...\" \/>\n<meta property=\"og:url\" content=\"https:\/\/haasjeatletiek.nl\/en\/blessurepagina\/\" \/>\n<meta property=\"og:site_name\" content=\"NSAV &#039;t Haasje\" \/>\n<meta property=\"article:publisher\" content=\"https:\/\/www.instagram.com\/nsavthaasje\/\" \/>\n<meta property=\"article:modified_time\" content=\"2026-03-10T17:24:00+00:00\" \/>\n<meta name=\"twitter:card\" content=\"summary_large_image\" \/>\n<meta name=\"twitter:label1\" content=\"Estimated reading time\" \/>\n\t<meta name=\"twitter:data1\" content=\"3 minutes\" \/>\n<script type=\"application\/ld+json\" class=\"yoast-schema-graph\">{\"@context\":\"https:\/\/schema.org\",\"@graph\":[{\"@type\":\"WebPage\",\"@id\":\"https:\/\/haasjeatletiek.nl\/blessurepagina\/\",\"url\":\"https:\/\/haasjeatletiek.nl\/blessurepagina\/\",\"name\":\"Blessurepagina - NSAV &#039;t Haasje\",\"isPartOf\":{\"@id\":\"https:\/\/haasjeatletiek.nl\/#website\"},\"datePublished\":\"2026-03-09T19:53:24+00:00\",\"dateModified\":\"2026-03-10T17:24:00+00:00\",\"breadcrumb\":{\"@id\":\"https:\/\/haasjeatletiek.nl\/blessurepagina\/#breadcrumb\"},\"inLanguage\":\"en-GB\",\"potentialAction\":[{\"@type\":\"ReadAction\",\"target\":[\"https:\/\/haasjeatletiek.nl\/blessurepagina\/\"]}]},{\"@type\":\"BreadcrumbList\",\"@id\":\"https:\/\/haasjeatletiek.nl\/blessurepagina\/#breadcrumb\",\"itemListElement\":[{\"@type\":\"ListItem\",\"position\":1,\"name\":\"Home\",\"item\":\"https:\/\/haasjeatletiek.nl\/\"},{\"@type\":\"ListItem\",\"position\":2,\"name\":\"Blessurepagina\"}]},{\"@type\":\"WebSite\",\"@id\":\"https:\/\/haasjeatletiek.nl\/#website\",\"url\":\"https:\/\/haasjeatletiek.nl\/\",\"name\":\"NSAV 't Haasje\",\"description\":\"\",\"publisher\":{\"@id\":\"https:\/\/haasjeatletiek.nl\/#organization\"},\"potentialAction\":[{\"@type\":\"SearchAction\",\"target\":{\"@type\":\"EntryPoint\",\"urlTemplate\":\"https:\/\/haasjeatletiek.nl\/?s={search_term_string}\"},\"query-input\":{\"@type\":\"PropertyValueSpecification\",\"valueRequired\":true,\"valueName\":\"search_term_string\"}}],\"inLanguage\":\"en-GB\"},{\"@type\":\"Organization\",\"@id\":\"https:\/\/haasjeatletiek.nl\/#organization\",\"name\":\"NSAV 't Haasje\",\"url\":\"https:\/\/haasjeatletiek.nl\/\",\"logo\":{\"@type\":\"ImageObject\",\"inLanguage\":\"en-GB\",\"@id\":\"https:\/\/haasjeatletiek.nl\/#\/schema\/logo\/image\/\",\"url\":\"https:\/\/haasjeatletiek.nl\/wp-content\/uploads\/2024\/08\/cropped-logo-haasje-zwart-1.png\",\"contentUrl\":\"https:\/\/haasjeatletiek.nl\/wp-content\/uploads\/2024\/08\/cropped-logo-haasje-zwart-1.png\",\"width\":725,\"height\":295,\"caption\":\"NSAV 't Haasje\"},\"image\":{\"@id\":\"https:\/\/haasjeatletiek.nl\/#\/schema\/logo\/image\/\"},\"sameAs\":[\"https:\/\/www.instagram.com\/nsavthaasje\/\"]}]}<\/script>\n<!-- \/ Yoast SEO plugin. -->","yoast_head_json":{"title":"Blessurepagina - NSAV &#039;t Haasje","robots":{"index":"index","follow":"follow","max-snippet":"max-snippet:-1","max-image-preview":"max-image-preview:large","max-video-preview":"max-video-preview:-1"},"canonical":"https:\/\/haasjeatletiek.nl\/en\/blessurepagina\/","og_locale":"en_GB","og_type":"article","og_title":"Blessurepagina - NSAV &#039;t Haasje","og_description":"Blessures Je kent het misschien wel. Tijdens het inlopen voel je een lichte zeurende pijn in je knie. Of na een training merk je dat je enkel wat stijver is ...","og_url":"https:\/\/haasjeatletiek.nl\/en\/blessurepagina\/","og_site_name":"NSAV &#039;t Haasje","article_publisher":"https:\/\/www.instagram.com\/nsavthaasje\/","article_modified_time":"2026-03-10T17:24:00+00:00","twitter_card":"summary_large_image","twitter_misc":{"Estimated reading time":"3 minutes"},"schema":{"@context":"https:\/\/schema.org","@graph":[{"@type":"WebPage","@id":"https:\/\/haasjeatletiek.nl\/blessurepagina\/","url":"https:\/\/haasjeatletiek.nl\/blessurepagina\/","name":"Blessurepagina - NSAV &#039;t Haasje","isPartOf":{"@id":"https:\/\/haasjeatletiek.nl\/#website"},"datePublished":"2026-03-09T19:53:24+00:00","dateModified":"2026-03-10T17:24:00+00:00","breadcrumb":{"@id":"https:\/\/haasjeatletiek.nl\/blessurepagina\/#breadcrumb"},"inLanguage":"en-GB","potentialAction":[{"@type":"ReadAction","target":["https:\/\/haasjeatletiek.nl\/blessurepagina\/"]}]},{"@type":"BreadcrumbList","@id":"https:\/\/haasjeatletiek.nl\/blessurepagina\/#breadcrumb","itemListElement":[{"@type":"ListItem","position":1,"name":"Home","item":"https:\/\/haasjeatletiek.nl\/"},{"@type":"ListItem","position":2,"name":"Blessurepagina"}]},{"@type":"WebSite","@id":"https:\/\/haasjeatletiek.nl\/#website","url":"https:\/\/haasjeatletiek.nl\/","name":"NSAV &#039;t Haasje","description":"","publisher":{"@id":"https:\/\/haasjeatletiek.nl\/#organization"},"potentialAction":[{"@type":"SearchAction","target":{"@type":"EntryPoint","urlTemplate":"https:\/\/haasjeatletiek.nl\/?s={search_term_string}"},"query-input":{"@type":"PropertyValueSpecification","valueRequired":true,"valueName":"search_term_string"}}],"inLanguage":"en-GB"},{"@type":"Organization","@id":"https:\/\/haasjeatletiek.nl\/#organization","name":"NSAV &#039;t Haasje","url":"https:\/\/haasjeatletiek.nl\/","logo":{"@type":"ImageObject","inLanguage":"en-GB","@id":"https:\/\/haasjeatletiek.nl\/#\/schema\/logo\/image\/","url":"https:\/\/haasjeatletiek.nl\/wp-content\/uploads\/2024\/08\/cropped-logo-haasje-zwart-1.png","contentUrl":"https:\/\/haasjeatletiek.nl\/wp-content\/uploads\/2024\/08\/cropped-logo-haasje-zwart-1.png","width":725,"height":295,"caption":"NSAV 't Haasje"},"image":{"@id":"https:\/\/haasjeatletiek.nl\/#\/schema\/logo\/image\/"},"sameAs":["https:\/\/www.instagram.com\/nsavthaasje\/"]}]}},"_links":{"self":[{"href":"https:\/\/haasjeatletiek.nl\/en\/wp-json\/wp\/v2\/pages\/14126","targetHints":{"allow":["GET"]}}],"collection":[{"href":"https:\/\/haasjeatletiek.nl\/en\/wp-json\/wp\/v2\/pages"}],"about":[{"href":"https:\/\/haasjeatletiek.nl\/en\/wp-json\/wp\/v2\/types\/page"}],"author":[{"embeddable":true,"href":"https:\/\/haasjeatletiek.nl\/en\/wp-json\/wp\/v2\/users\/146"}],"replies":[{"embeddable":true,"href":"https:\/\/haasjeatletiek.nl\/en\/wp-json\/wp\/v2\/comments?post=14126"}],"version-history":[{"count":0,"href":"https:\/\/haasjeatletiek.nl\/en\/wp-json\/wp\/v2\/pages\/14126\/revisions"}],"wp:attachment":[{"href":"https:\/\/haasjeatletiek.nl\/en\/wp-json\/wp\/v2\/media?parent=14126"}],"wp:term":[{"taxonomy":"folder","embeddable":true,"href":"https:\/\/haasjeatletiek.nl\/en\/wp-json\/wp\/v2\/folder?post=14126"}],"curies":[{"name":"wp","href":"https:\/\/api.w.org\/{rel}","templated":true}]}}