{"id":71,"date":"2023-03-06T19:48:13","date_gmt":"2023-03-06T19:48:13","guid":{"rendered":"https:\/\/next.haasjeatletiek.nl\/?page_id=71"},"modified":"2024-06-26T21:16:42","modified_gmt":"2024-06-26T19:16:42","slug":"ideeenbus","status":"publish","type":"page","link":"https:\/\/haasjeatletiek.nl\/en\/ideeenbus\/","title":{"rendered":"Suggestion box"},"content":{"rendered":"<div data-elementor-type=\"wp-page\" data-elementor-id=\"71\" class=\"elementor elementor-71\">\n\t\t\t\t\t\t<section class=\"elementor-section elementor-top-section elementor-element elementor-element-579827c elementor-section-boxed elementor-section-height-default elementor-section-height-default\" data-id=\"579827c\" data-element_type=\"section\">\n\t\t\t\t\t\t<div class=\"elementor-container elementor-column-gap-default\">\n\t\t\t\t\t<div class=\"elementor-column elementor-col-100 elementor-top-column elementor-element elementor-element-69db79b\" data-id=\"69db79b\" data-element_type=\"column\">\n\t\t\t<div class=\"elementor-widget-wrap elementor-element-populated\">\n\t\t\t\t\t\t<div class=\"elementor-element elementor-element-9a370da elementor-widget elementor-widget-heading\" data-id=\"9a370da\" data-element_type=\"widget\" data-widget_type=\"heading.default\">\n\t\t\t\t<div class=\"elementor-widget-container\">\n\t\t\t\t\t<h2 class=\"elementor-heading-title elementor-size-default\">Suggestion box<\/h2>\t\t\t\t<\/div>\n\t\t\t\t<\/div>\n\t\t\t\t<div class=\"elementor-element elementor-element-0a6d772 elementor-widget elementor-widget-text-editor\" data-id=\"0a6d772\" data-element_type=\"widget\" data-widget_type=\"text-editor.default\">\n\t\t\t\t<div class=\"elementor-widget-container\">\n\t\t\t\t\t\t\t\t\t<p><span style=\"color: #000000;\">Do you see areas for improvement within &#039;t Haasje or do you just have a good idea? Throw it in this idea box and it will go directly to the board, who will get to work on it! By default, you do this anonymously for the board and the webcie, despite the fact that you are now logged in. Would you like feedback from the board?<\/span><\/p>\t\t\t\t\t\t\t\t<\/div>\n\t\t\t\t<\/div>\n\t\t\t\t\t<\/div>\n\t\t<\/div>\n\t\t\t\t\t<\/div>\n\t\t<\/section>\n\t\t\t\t<section class=\"elementor-section elementor-top-section elementor-element elementor-element-e624d4e elementor-section-boxed elementor-section-height-default elementor-section-height-default\" data-id=\"e624d4e\" data-element_type=\"section\">\n\t\t\t\t\t\t<div class=\"elementor-container elementor-column-gap-default\">\n\t\t\t\t\t<div class=\"elementor-column elementor-col-100 elementor-top-column elementor-element elementor-element-a028708\" data-id=\"a028708\" data-element_type=\"column\">\n\t\t\t<div class=\"elementor-widget-wrap elementor-element-populated\">\n\t\t\t\t\t\t<div class=\"elementor-element elementor-element-fa6a186 elementor-widget elementor-widget-shortcode\" data-id=\"fa6a186\" data-element_type=\"widget\" data-widget_type=\"shortcode.default\">\n\t\t\t\t<div class=\"elementor-widget-container\">\n\t\t\t\t\t\t\t<div class=\"elementor-shortcode\"><style id=\"wpforms-css-vars-1883\">\n\t\t\t\t#wpforms-1883 {\n\t\t\t\t\n\t\t\t}\n\t\t\t<\/style><div class=\"wpforms-container wpforms-container-full wpforms-render-modern\" id=\"wpforms-1883\"><form id=\"wpforms-form-1883\" class=\"wpforms-validate wpforms-form wpforms-ajax-form\" data-formid=\"1883\" method=\"post\" enctype=\"multipart\/form-data\" action=\"\/en\/wp-json\/wp\/v2\/pages\/71\" data-token=\"c42ca9b1b9113f3bc9e26eaa9d7dd4d6\" data-token-time=\"1777728994\" data-trp-original-action=\"\/en\/wp-json\/wp\/v2\/pages\/71\"><noscript class=\"wpforms-error-noscript\">Please enable JavaScript in your browser to complete this form.<\/noscript><div id=\"wpforms-error-noscript\" style=\"display: none;\">Please enable JavaScript in your browser to complete this form.<\/div><div class=\"wpforms-field-container\"><div id=\"wpforms-1883-field_3-container\" class=\"wpforms-field wpforms-field-name\" data-field-id=\"3\"><label class=\"wpforms-field-label\" for=\"wpforms-1883-field_3\">Subject <span class=\"wpforms-required-label\" aria-hidden=\"true\">*<\/span><\/label><input type=\"text\" id=\"wpforms-1883-field_3\" class=\"wpforms-field-medium wpforms-field-required\" name=\"wpforms[fields][3]\" aria-errormessage=\"wpforms-1883-field_3-error\" required><\/div><div id=\"wpforms-1883-field_2-container\" class=\"wpforms-field wpforms-field-textarea\" data-field-id=\"2\"><label class=\"wpforms-field-label\" for=\"wpforms-1883-field_2\">Idea <span class=\"wpforms-required-label\" aria-hidden=\"true\">*<\/span><\/label><textarea id=\"wpforms-1883-field_2\" class=\"wpforms-field-medium wpforms-field-required\" name=\"wpforms[fields][2]\" aria-errormessage=\"wpforms-1883-field_2-error\" required><\/textarea><\/div><\/div><!-- .wpforms-field-container --><div class=\"wpforms-submit-container\" ><input type=\"hidden\" name=\"wpforms[id]\" value=\"1883\"><input type=\"hidden\" name=\"page_title\" value=\"\"><input type=\"hidden\" name=\"page_url\" value=\"https:\/\/haasjeatletiek.nl\/en\/wp-json\/wp\/v2\/pages\/71\"><input type=\"hidden\" name=\"url_referer\" value=\"\"><button type=\"submit\" name=\"wpforms[submit]\" id=\"wpforms-submit-1883\" class=\"wpforms-submit\" data-alt-text=\"Verzenden...\" data-submit-text=\"Verzend\" aria-live=\"assertive\" value=\"wpforms-submit\">Send<\/button><img decoding=\"async\" src=\"https:\/\/haasjeatletiek.nl\/wp-content\/plugins\/wpforms-lite\/assets\/images\/submit-spin.svg\" class=\"wpforms-submit-spinner\" style=\"display: none;\" width=\"26\" height=\"26\" alt=\"Loading\"><\/div><input type=\"hidden\" name=\"trp-form-language\" value=\"en\"\/><\/form><\/div>  <!-- .wpforms-container --><\/div>\n\t\t\t\t\t\t<\/div>\n\t\t\t\t<\/div>\n\t\t\t\t\t<\/div>\n\t\t<\/div>\n\t\t\t\t\t<\/div>\n\t\t<\/section>\n\t\t\t\t<\/div>","protected":false},"excerpt":{"rendered":"<p>Idee\u00ebnbus Zie jij verbeterpunten binnen &#8216;t Haasje of heb je gewoon een goed idee? Gooi het in deze idee\u00ebnbus en het komt direct bij het bestuur terecht, dat ermee aan &#8230;<\/p>","protected":false},"author":1,"featured_media":0,"parent":0,"menu_order":0,"comment_status":"closed","ping_status":"closed","template":"","meta":{"ngg_post_thumbnail":0,"footnotes":""},"folder":[],"class_list":["post-71","page","type-page","status-publish","hentry"],"yoast_head":"<!-- This site is optimized with the Yoast SEO plugin v25.6 - https:\/\/yoast.com\/wordpress\/plugins\/seo\/ -->\n<title>Idee\u00ebnbus - NSAV &#039;t Haasje<\/title>\n<meta name=\"robots\" content=\"index, follow, max-snippet:-1, max-image-preview:large, max-video-preview:-1\" \/>\n<link rel=\"canonical\" href=\"https:\/\/haasjeatletiek.nl\/en\/ideeenbus\/\" \/>\n<meta property=\"og:locale\" content=\"en_GB\" \/>\n<meta property=\"og:type\" content=\"article\" \/>\n<meta property=\"og:title\" content=\"Idee\u00ebnbus - NSAV &#039;t Haasje\" \/>\n<meta property=\"og:description\" content=\"Idee\u00ebnbus Zie jij verbeterpunten binnen &#8216;t Haasje of heb je gewoon een goed idee? Gooi het in deze idee\u00ebnbus en het komt direct bij het bestuur terecht, dat ermee aan ...\" \/>\n<meta property=\"og:url\" content=\"https:\/\/haasjeatletiek.nl\/en\/ideeenbus\/\" \/>\n<meta property=\"og:site_name\" content=\"NSAV &#039;t Haasje\" \/>\n<meta property=\"article:publisher\" content=\"https:\/\/www.instagram.com\/nsavthaasje\/\" \/>\n<meta property=\"article:modified_time\" content=\"2024-06-26T19:16:42+00:00\" \/>\n<meta name=\"twitter:card\" content=\"summary_large_image\" \/>\n<script type=\"application\/ld+json\" class=\"yoast-schema-graph\">{\"@context\":\"https:\/\/schema.org\",\"@graph\":[{\"@type\":\"WebPage\",\"@id\":\"https:\/\/haasjeatletiek.nl\/ideeenbus\/\",\"url\":\"https:\/\/haasjeatletiek.nl\/ideeenbus\/\",\"name\":\"Idee\u00ebnbus - NSAV &#039;t Haasje\",\"isPartOf\":{\"@id\":\"https:\/\/haasjeatletiek.nl\/#website\"},\"datePublished\":\"2023-03-06T19:48:13+00:00\",\"dateModified\":\"2024-06-26T19:16:42+00:00\",\"breadcrumb\":{\"@id\":\"https:\/\/haasjeatletiek.nl\/ideeenbus\/#breadcrumb\"},\"inLanguage\":\"en-GB\",\"potentialAction\":[{\"@type\":\"ReadAction\",\"target\":[\"https:\/\/haasjeatletiek.nl\/ideeenbus\/\"]}]},{\"@type\":\"BreadcrumbList\",\"@id\":\"https:\/\/haasjeatletiek.nl\/ideeenbus\/#breadcrumb\",\"itemListElement\":[{\"@type\":\"ListItem\",\"position\":1,\"name\":\"Home\",\"item\":\"https:\/\/haasjeatletiek.nl\/\"},{\"@type\":\"ListItem\",\"position\":2,\"name\":\"Idee\u00ebnbus\"}]},{\"@type\":\"WebSite\",\"@id\":\"https:\/\/haasjeatletiek.nl\/#website\",\"url\":\"https:\/\/haasjeatletiek.nl\/\",\"name\":\"NSAV 't Haasje\",\"description\":\"\",\"publisher\":{\"@id\":\"https:\/\/haasjeatletiek.nl\/#organization\"},\"potentialAction\":[{\"@type\":\"SearchAction\",\"target\":{\"@type\":\"EntryPoint\",\"urlTemplate\":\"https:\/\/haasjeatletiek.nl\/?s={search_term_string}\"},\"query-input\":{\"@type\":\"PropertyValueSpecification\",\"valueRequired\":true,\"valueName\":\"search_term_string\"}}],\"inLanguage\":\"en-GB\"},{\"@type\":\"Organization\",\"@id\":\"https:\/\/haasjeatletiek.nl\/#organization\",\"name\":\"NSAV 't Haasje\",\"url\":\"https:\/\/haasjeatletiek.nl\/\",\"logo\":{\"@type\":\"ImageObject\",\"inLanguage\":\"en-GB\",\"@id\":\"https:\/\/haasjeatletiek.nl\/#\/schema\/logo\/image\/\",\"url\":\"https:\/\/haasjeatletiek.nl\/wp-content\/uploads\/2024\/08\/cropped-logo-haasje-zwart-1.png\",\"contentUrl\":\"https:\/\/haasjeatletiek.nl\/wp-content\/uploads\/2024\/08\/cropped-logo-haasje-zwart-1.png\",\"width\":725,\"height\":295,\"caption\":\"NSAV 't Haasje\"},\"image\":{\"@id\":\"https:\/\/haasjeatletiek.nl\/#\/schema\/logo\/image\/\"},\"sameAs\":[\"https:\/\/www.instagram.com\/nsavthaasje\/\"]}]}<\/script>\n<!-- \/ Yoast SEO plugin. -->","yoast_head_json":{"title":"Idee\u00ebnbus - NSAV &#039;t Haasje","robots":{"index":"index","follow":"follow","max-snippet":"max-snippet:-1","max-image-preview":"max-image-preview:large","max-video-preview":"max-video-preview:-1"},"canonical":"https:\/\/haasjeatletiek.nl\/en\/ideeenbus\/","og_locale":"en_GB","og_type":"article","og_title":"Idee\u00ebnbus - NSAV &#039;t Haasje","og_description":"Idee\u00ebnbus Zie jij verbeterpunten binnen &#8216;t Haasje of heb je gewoon een goed idee? Gooi het in deze idee\u00ebnbus en het komt direct bij het bestuur terecht, dat ermee aan ...","og_url":"https:\/\/haasjeatletiek.nl\/en\/ideeenbus\/","og_site_name":"NSAV &#039;t Haasje","article_publisher":"https:\/\/www.instagram.com\/nsavthaasje\/","article_modified_time":"2024-06-26T19:16:42+00:00","twitter_card":"summary_large_image","schema":{"@context":"https:\/\/schema.org","@graph":[{"@type":"WebPage","@id":"https:\/\/haasjeatletiek.nl\/ideeenbus\/","url":"https:\/\/haasjeatletiek.nl\/ideeenbus\/","name":"Idee\u00ebnbus - NSAV &#039;t Haasje","isPartOf":{"@id":"https:\/\/haasjeatletiek.nl\/#website"},"datePublished":"2023-03-06T19:48:13+00:00","dateModified":"2024-06-26T19:16:42+00:00","breadcrumb":{"@id":"https:\/\/haasjeatletiek.nl\/ideeenbus\/#breadcrumb"},"inLanguage":"en-GB","potentialAction":[{"@type":"ReadAction","target":["https:\/\/haasjeatletiek.nl\/ideeenbus\/"]}]},{"@type":"BreadcrumbList","@id":"https:\/\/haasjeatletiek.nl\/ideeenbus\/#breadcrumb","itemListElement":[{"@type":"ListItem","position":1,"name":"Home","item":"https:\/\/haasjeatletiek.nl\/"},{"@type":"ListItem","position":2,"name":"Idee\u00ebnbus"}]},{"@type":"WebSite","@id":"https:\/\/haasjeatletiek.nl\/#website","url":"https:\/\/haasjeatletiek.nl\/","name":"NSAV &#039;t Haasje","description":"","publisher":{"@id":"https:\/\/haasjeatletiek.nl\/#organization"},"potentialAction":[{"@type":"SearchAction","target":{"@type":"EntryPoint","urlTemplate":"https:\/\/haasjeatletiek.nl\/?s={search_term_string}"},"query-input":{"@type":"PropertyValueSpecification","valueRequired":true,"valueName":"search_term_string"}}],"inLanguage":"en-GB"},{"@type":"Organization","@id":"https:\/\/haasjeatletiek.nl\/#organization","name":"NSAV &#039;t Haasje","url":"https:\/\/haasjeatletiek.nl\/","logo":{"@type":"ImageObject","inLanguage":"en-GB","@id":"https:\/\/haasjeatletiek.nl\/#\/schema\/logo\/image\/","url":"https:\/\/haasjeatletiek.nl\/wp-content\/uploads\/2024\/08\/cropped-logo-haasje-zwart-1.png","contentUrl":"https:\/\/haasjeatletiek.nl\/wp-content\/uploads\/2024\/08\/cropped-logo-haasje-zwart-1.png","width":725,"height":295,"caption":"NSAV 't Haasje"},"image":{"@id":"https:\/\/haasjeatletiek.nl\/#\/schema\/logo\/image\/"},"sameAs":["https:\/\/www.instagram.com\/nsavthaasje\/"]}]}},"_links":{"self":[{"href":"https:\/\/haasjeatletiek.nl\/en\/wp-json\/wp\/v2\/pages\/71","targetHints":{"allow":["GET"]}}],"collection":[{"href":"https:\/\/haasjeatletiek.nl\/en\/wp-json\/wp\/v2\/pages"}],"about":[{"href":"https:\/\/haasjeatletiek.nl\/en\/wp-json\/wp\/v2\/types\/page"}],"author":[{"embeddable":true,"href":"https:\/\/haasjeatletiek.nl\/en\/wp-json\/wp\/v2\/users\/1"}],"replies":[{"embeddable":true,"href":"https:\/\/haasjeatletiek.nl\/en\/wp-json\/wp\/v2\/comments?post=71"}],"version-history":[{"count":0,"href":"https:\/\/haasjeatletiek.nl\/en\/wp-json\/wp\/v2\/pages\/71\/revisions"}],"wp:attachment":[{"href":"https:\/\/haasjeatletiek.nl\/en\/wp-json\/wp\/v2\/media?parent=71"}],"wp:term":[{"taxonomy":"folder","embeddable":true,"href":"https:\/\/haasjeatletiek.nl\/en\/wp-json\/wp\/v2\/folder?post=71"}],"curies":[{"name":"wp","href":"https:\/\/api.w.org\/{rel}","templated":true}]}}